{"id":2,"date":"2019-06-25T18:07:14","date_gmt":"2019-06-25T18:07:14","guid":{"rendered":"https:\/\/etwas-meer.de\/?page_id=2"},"modified":"2020-01-26T21:22:42","modified_gmt":"2020-01-26T21:22:42","slug":"sample-page","status":"publish","type":"page","link":"https:\/\/etwas-meer.de\/?page_id=2","title":{"rendered":"Shaka! Wilkommen in Friesland"},"content":{"rendered":"\n<p class=\"has-text-align-center\">Wir begr\u00fc\u00dfen Sie auf unserem wundersch\u00f6nen Hausboot &#8222;HANGLOOSE&#8220; in Friesland. Sie finden uns ruhig gelegen mit einem traumhaften Blick \u00fcber friesische Wiesen im Hafen von Warns. <\/p>\n\n\n\n<p class=\"has-text-align-center\">Unser Hausboot &#8222;HANGLOOSE&#8220; sorgt mit seiner Lage und deren Umgebung f\u00fcr einen entspannten Urlaub und ein bisschen Entschleunigung in unserer schnellen und kurzlebigen Welt.<\/p>\n\n\n\n<p class=\"has-text-align-center\"> (Die Redewendung \u201chang loose\u201c stammt urspr\u00fcnglich aus Hawaii und&nbsp;ist das ultimative Symbol von Aloha und der hawaiianischen Kultur. <\/p>\n\n\n\n<p class=\"has-text-align-center\">Das Shaka Symbol steht f\u00fcr den &#8222;Stil der Insel.&#8220; Es signalisiert, dass alles in Ordnung und entspannt ist.  <\/p>\n\n\n\n<p class=\"has-text-align-center\">Das Shaka ?? Zeichen, was als &#8222;hang loose&#8220; (dt. &#8222;sei locker drauf&#8220;) oder &#8222;right on&#8220; (dt. &#8222;genau&#8220;) interpretiert werden kann, ist eine st\u00e4ndige Erinnerung daran, dass es auf Hawaii nicht die Norm ist, sich Sorgen zu machen oder in Eile zu sein. <\/p>\n\n\n\n<p class=\"has-text-align-center\">Lassen Sie sich Inspirieren und Genie\u00dfen Ihren Aufenthalt bei uns an Bord.<\/p>\n\n\n\n<p class=\"has-text-align-center\">Wir bieten Ihnen auf ca 50qm Platz f\u00fcr bis zu 4 Personen und Erholung pur.   <\/p>\n\n\n\n<ul class=\"wp-block-list\"><li>1 Schlafzimmer ca 5,5qm mit einem Boxspringbett 140&#215;200.<\/li><\/ul>\n\n\n\n<ul class=\"wp-block-list\"><li>1 Schlafzimmer ca 11qm mit einem Boxspringbett 180&#215;200                                      <\/li><\/ul>\n\n\n\n<ul class=\"wp-block-list\"><li>In der K\u00fcche finden Sie einen Gasherd mit Backofen, eine Sp\u00fclmaschine, einen Kaffeevollautomat und gefiltertes Trinkwasser.<\/li><\/ul>\n\n\n\n<ul class=\"wp-block-list\"><li>Im Wohn\/Esszimmer ca. 25qm steht ein gro\u00dfer rustikaler Tisch mit 4 St\u00fchlen.<\/li><li>1 gem\u00fctliche Couch und 2 Loungesessel laden zum gem\u00fctlichen Verweilen ein <br><\/li><li>Fernseher (mit deutschen und niederl\u00e4ndischen Programmen)<\/li><\/ul>\n\n\n\n<ul class=\"wp-block-list\"><li>1 Terrasse ca 8 qm mit 4 St\u00fchlen und 1 Tisch<\/li><\/ul>\n\n\n\n<ul class=\"wp-block-list\"><li> Das ganze Hausboot wird \u00fcber eine Zentralheizung beheizt.<\/li><\/ul>\n\n\n\n<ul class=\"wp-block-list\"><li>Sonnen Sie sich (demn\u00e4chst) tags\u00fcber auf der Dachterrasse und erleben Sie dort wundersch\u00f6ne Sonnenunterg\u00e4nge.                           <br><\/li><li>Gegen Geb\u00fchr k\u00f6nnen Sie folgende Zusatzleistungen dazu buchen:<\/li><li>Aircondition<\/li><li>Fr\u00fchst\u00fcckservice (warme Br\u00f6tchen, frisch gepresster Saft, selbstgemachte Marmelade usw.)<\/li><li>Schluppe (kleines Motorboot Maxima 630) f\u00fcr Tagestrips durch die wundersch\u00f6nen Kan\u00e4le Frieslands<\/li><li>E-Bikes <\/li><\/ul>\n\n\n\n<p class=\"has-text-align-center\"><strong>Bitte beachten Sie da\u00df das Hausboot aufgrund der Gr\u00f6\u00dfe nicht gefahren werden kann!<\/strong><\/p>\n\n\n\n<p><\/p>\n","protected":false},"excerpt":{"rendered":"<p>Wir begr\u00fc\u00dfen Sie auf unserem wundersch\u00f6nen Hausboot &#8222;HANGLOOSE&#8220; in Friesland. Sie finden uns ruhig gelegen mit einem traumhaften Blick \u00fcber friesische Wiesen im Hafen von Warns. Unser Hausboot &#8222;HANGLOOSE&#8220; sorgt mit seiner Lage und deren Umgebung f\u00fcr einen entspannten Urlaub und ein bisschen Entschleunigung in unserer schnellen und kurzlebigen Welt. (Die Redewendung \u201chang loose\u201c stammt&#8230;<a class=\"read-more-link button\" href=\"https:\/\/etwas-meer.de\/?page_id=2\">Read more<\/a><\/p>\n","protected":false},"author":1,"featured_media":0,"parent":0,"menu_order":0,"comment_status":"closed","ping_status":"closed","template":"","meta":{"footnotes":""},"class_list":["post-2","page","type-page","status-publish","hentry"],"_links":{"self":[{"href":"https:\/\/etwas-meer.de\/index.php?rest_route=\/wp\/v2\/pages\/2","targetHints":{"allow":["GET"]}}],"collection":[{"href":"https:\/\/etwas-meer.de\/index.php?rest_route=\/wp\/v2\/pages"}],"about":[{"href":"https:\/\/etwas-meer.de\/index.php?rest_route=\/wp\/v2\/types\/page"}],"author":[{"embeddable":true,"href":"https:\/\/etwas-meer.de\/index.php?rest_route=\/wp\/v2\/users\/1"}],"replies":[{"embeddable":true,"href":"https:\/\/etwas-meer.de\/index.php?rest_route=%2Fwp%2Fv2%2Fcomments&post=2"}],"version-history":[{"count":28,"href":"https:\/\/etwas-meer.de\/index.php?rest_route=\/wp\/v2\/pages\/2\/revisions"}],"predecessor-version":[{"id":440,"href":"https:\/\/etwas-meer.de\/index.php?rest_route=\/wp\/v2\/pages\/2\/revisions\/440"}],"wp:attachment":[{"href":"https:\/\/etwas-meer.de\/index.php?rest_route=%2Fwp%2Fv2%2Fmedia&parent=2"}],"curies":[{"name":"wp","href":"https:\/\/api.w.org\/{rel}","templated":true}]}}